{"id":700,"date":"2022-11-17T23:16:53","date_gmt":"2022-11-17T21:16:53","guid":{"rendered":"http:\/\/www.kenneldonum.fi\/?page_id=700"},"modified":"2023-02-18T20:13:47","modified_gmt":"2023-02-18T18:13:47","slug":"pentuja-tammikuussa-2023","status":"publish","type":"page","link":"https:\/\/www.kenneldonum.fi\/index.php\/kasvatit\/pentuja-tammikuussa-2023\/","title":{"rendered":"J-pentue"},"content":{"rendered":"\n<p class=\"has-medium-font-size\"><a rel=\"noreferrer noopener\" href=\"https:\/\/jalostus.kennelliitto.fi\/frmSukutaulu.aspx?RekNoE=FI15430\/18&amp;ReknoI=FI30261\/16\" target=\"_blank\"><strong>Yhdistelm\u00e4<\/strong><\/a><\/p>\n\n\n\n<figure class=\"wp-block-image size-large is-resized\"><img decoding=\"async\" src=\"https:\/\/www.kenneldonum.fi\/wp-content\/uploads\/2022\/11\/4-698x1024.jpg\" alt=\"\" class=\"wp-image-710\" width=\"300\" srcset=\"https:\/\/www.kenneldonum.fi\/wp-content\/uploads\/2022\/11\/4-698x1024.jpg 698w, https:\/\/www.kenneldonum.fi\/wp-content\/uploads\/2022\/11\/4-204x300.jpg 204w, https:\/\/www.kenneldonum.fi\/wp-content\/uploads\/2022\/11\/4-768x1127.jpg 768w, https:\/\/www.kenneldonum.fi\/wp-content\/uploads\/2022\/11\/4.jpg 1010w\" sizes=\"(max-width: 1010px) 100vw, 1010px\" \/><\/figure>\n\n\n\n<figure class=\"wp-block-image size-large is-resized\"><img decoding=\"async\" src=\"https:\/\/www.kenneldonum.fi\/wp-content\/uploads\/2022\/11\/Usva-1-1024x992.jpg\" alt=\"\" class=\"wp-image-709\" width=\"425\" srcset=\"https:\/\/www.kenneldonum.fi\/wp-content\/uploads\/2022\/11\/Usva-1-1024x992.jpg 1024w, https:\/\/www.kenneldonum.fi\/wp-content\/uploads\/2022\/11\/Usva-1-300x291.jpg 300w, https:\/\/www.kenneldonum.fi\/wp-content\/uploads\/2022\/11\/Usva-1-768x744.jpg 768w, https:\/\/www.kenneldonum.fi\/wp-content\/uploads\/2022\/11\/Usva-1-1536x1488.jpg 1536w, https:\/\/www.kenneldonum.fi\/wp-content\/uploads\/2022\/11\/Usva-1.jpg 1742w\" sizes=\"(max-width: 1024px) 100vw, 1024px\" \/><\/figure>\n\n\n\n<p class=\"has-medium-font-size\"><a href=\"https:\/\/jalostus.kennelliitto.fi\/frmKoira.aspx?RekNo=FI15430%2F18&amp;R=336\" target=\"_blank\" rel=\"noreferrer noopener\">Usva &#8211; Donum Dilectum<\/a><\/p>\n\n\n\n<p>Usva on touhukas, iloinen ja kaikessa mukana oleva perhekoira. Usvasta saa seuraa niin pihahommiin kuin saunan lauteille. Usvan kanssa on k\u00e4yty pentukurssit, agilityn alkeet, sek\u00e4 harrastettu nose worki\u00e4. Usva rakastaa noutamista ja jaksaisikin hakea leluja ja palloaan loputtomasti.  Usva hakee huomiota kuljettelemalla lasten sukkia ja pehmoleluja, niit\u00e4 kuitenkaan hajoittamatta.<br><br>Usva ilmoittaa \u00e4\u00e4nekk\u00e4\u00e4sti kotiin tulevista vieraista, mutta hetken p\u00e4\u00e4st\u00e4 on jo vieraiden syliss\u00e4 ja nauttii kovasti rapsuttelusta.<br><br>Mets\u00e4n tuoksuissa vapaana ulkoilua Usva rakastaa, pysyen kuitenkin koko ajan n\u00e4k\u00f6et\u00e4isyydell\u00e4. Vapaana ollessaan Usva tulee aina v\u00e4litt\u00f6m\u00e4sti kutsusta luokse.<\/p>\n\n\n\n<p>Usva on innokas uimari ja hyppii laiturilta veteen.<\/p>\n\n\n\n<p>Kaikki hoitotoimenpiteet sujuvat Usvan kanssa hyvin.<\/p>\n\n\n\n<p>Usva on kova &#8221;juttelemaan&#8221; eri tilanteissa ja sill\u00e4 onkin ihan omanlaisensa hauska &#8221;puhetyyli&#8221;. My\u00f6s nukkuma-asennot ovat usein hassun erikoisia.<\/p>\n\n\n\n<figure class=\"wp-block-image size-large is-resized\"><img decoding=\"async\" src=\"https:\/\/www.kenneldonum.fi\/wp-content\/uploads\/2022\/11\/Usva5-917x1024.jpg\" alt=\"\" class=\"wp-image-711\" width=\"425\" srcset=\"https:\/\/www.kenneldonum.fi\/wp-content\/uploads\/2022\/11\/Usva5-917x1024.jpg 917w, https:\/\/www.kenneldonum.fi\/wp-content\/uploads\/2022\/11\/Usva5-269x300.jpg 269w, https:\/\/www.kenneldonum.fi\/wp-content\/uploads\/2022\/11\/Usva5-768x858.jpg 768w, https:\/\/www.kenneldonum.fi\/wp-content\/uploads\/2022\/11\/Usva5.jpg 1302w\" sizes=\"(max-width: 917px) 100vw, 917px\" \/><\/figure>\n\n\n\n<figure class=\"wp-block-image size-large is-resized\"><img decoding=\"async\" src=\"https:\/\/www.kenneldonum.fi\/wp-content\/uploads\/2022\/11\/Usva-3-1024x769.jpg\" alt=\"\" class=\"wp-image-712\" width=\"425\" srcset=\"https:\/\/www.kenneldonum.fi\/wp-content\/uploads\/2022\/11\/Usva-3-1024x769.jpg 1024w, https:\/\/www.kenneldonum.fi\/wp-content\/uploads\/2022\/11\/Usva-3-300x225.jpg 300w, https:\/\/www.kenneldonum.fi\/wp-content\/uploads\/2022\/11\/Usva-3-768x577.jpg 768w, https:\/\/www.kenneldonum.fi\/wp-content\/uploads\/2022\/11\/Usva-3-1536x1153.jpg 1536w, https:\/\/www.kenneldonum.fi\/wp-content\/uploads\/2022\/11\/Usva-3.jpg 1734w\" sizes=\"(max-width: 1024px) 100vw, 1024px\" \/><\/figure>\n\n\n\n<p>AVO-ERI<\/p>\n\n\n\n<p>Lonkat: A\/A<\/p>\n\n\n\n<p>Kyyn\u00e4r\u00e4t: 0\/0<\/p>\n\n\n\n<p>Silm\u00e4t:&nbsp;terveet 13.10.2022<br><br>prcd-PRA: B \u2013 kantaja<\/p>\n\n\n\n<p>Kilpirauhasarvot:&nbsp;&nbsp;&nbsp;&nbsp;&nbsp;&nbsp;&nbsp;&nbsp;&nbsp;&nbsp;&nbsp;&nbsp;&nbsp;&nbsp;&nbsp;&nbsp;&nbsp;&nbsp;&nbsp;&nbsp;&nbsp;&nbsp;&nbsp;<br>TGAA:&nbsp;negative 17.12.2019<br>T4\/TSH: ok 17.12.2019<br><br>Lonkkaindeksi: 107<\/p>\n\n\n\n<p>S\u00e4k\u00e4korkeus: n. 42&nbsp;cm (ep\u00e4virallinen)<\/p>\n\n\n\n<p><a href=\"https:\/\/jalostus.kennelliitto.fi\/frmTulos.aspx?Id_Tulos=3302400\" target=\"_blank\" rel=\"noreferrer noopener\">Luonnetesti 78 pistett\u00e4 &#8211; laukausvarma<\/a><\/p>\n\n\n\n<p class=\"has-normal-font-size\"><br><\/p>\n\n\n\n<p class=\"has-medium-font-size\"><a href=\"https:\/\/jalostus.kennelliitto.fi\/frmKoira.aspx?RekNo=FI30261%2F16\" target=\"_blank\" rel=\"noreferrer noopener\">Pedro \u2013 Kuurakirsun Talvent\u00e4hti<\/a><\/p>\n\n\n\n<p>Pedro on hyv\u00e4luonteinen ja \u00e4lyk\u00e4s kotikoira. Pedro rakastaa rapsutuksia ja viett\u00e4\u00e4 mieluusti hetken, jos toisen hyv\u00e4n rapsuttajan vieress\u00e4. Tuntemattomia kohtaa se saattaa olla aluksi hieman pid\u00e4ttyv\u00e4inen, luonnetesti:&nbsp;<em>\u201dLuoksep\u00e4\u00e4st\u00e4v\u00e4, hieman pid\u00e4ttyv\u00e4inen \u201d<br><\/em>Pedro viett\u00e4\u00e4 mieluusti aikaa omissa oloissaan, mutta pit\u00e4\u00e4 huolen siit\u00e4, ett\u00e4 mik\u00e4\u00e4n ei j\u00e4\u00e4 h\u00e4nelt\u00e4 huomaamatta. Oli ty\u00f6maa mik\u00e4 tahansa, h\u00e4n seuraa tarkasti menoa ty\u00f6njohtajan paikalta. Pedro on reviiritietoinen ja ilmoittaa kaikista tulijoista laumalleen. Pedro tervehtii mielell\u00e4\u00e4n ja hyvin innokkaasti koirakavereita, mutta siirtyy omiin juttuihinsa tervehtimisen j\u00e4lkeen. Pennuille Pedro on eritt\u00e4in yst\u00e4v\u00e4llinen, ja omaakin harvinaisen pitk\u00e4n pinnan n\u00e4iden kanssa.<\/p>\n\n\n\n<p>Kun Pedro l\u00f6yt\u00e4\u00e4 mielenkiintoisen hajun, niin menn\u00e4\u00e4n nen\u00e4 maassa kovaa ja pitk\u00e4\u00e4n. Silloin ei muu kiinnosta. Kaikista parasta onkin pitk\u00e4t lenkit mets\u00e4ss\u00e4 vapaana j\u00e4nisten ja peurojen per\u00e4ss\u00e4.<\/p>\n\n\n\n<figure class=\"wp-block-image size-large is-resized\"><img decoding=\"async\" src=\"https:\/\/www.kenneldonum.fi\/wp-content\/uploads\/2021\/08\/148714085_224887599364244_4890568518086470359_n-797x1024.jpg\" alt=\"\" class=\"wp-image-455\" width=\"300\" srcset=\"https:\/\/www.kenneldonum.fi\/wp-content\/uploads\/2021\/08\/148714085_224887599364244_4890568518086470359_n-797x1024.jpg 797w, https:\/\/www.kenneldonum.fi\/wp-content\/uploads\/2021\/08\/148714085_224887599364244_4890568518086470359_n-233x300.jpg 233w, https:\/\/www.kenneldonum.fi\/wp-content\/uploads\/2021\/08\/148714085_224887599364244_4890568518086470359_n-768x987.jpg 768w, https:\/\/www.kenneldonum.fi\/wp-content\/uploads\/2021\/08\/148714085_224887599364244_4890568518086470359_n.jpg 1080w\" sizes=\"(max-width: 797px) 100vw, 797px\" \/><\/figure>\n\n\n\n<figure class=\"wp-block-image size-large is-resized\"><img decoding=\"async\" src=\"https:\/\/www.kenneldonum.fi\/wp-content\/uploads\/2021\/08\/WhatsApp-Image-2021-08-25-at-19.15.06-768x1024.jpeg\" alt=\"\" class=\"wp-image-459\" width=\"425\" srcset=\"https:\/\/www.kenneldonum.fi\/wp-content\/uploads\/2021\/08\/WhatsApp-Image-2021-08-25-at-19.15.06-768x1024.jpeg 768w, https:\/\/www.kenneldonum.fi\/wp-content\/uploads\/2021\/08\/WhatsApp-Image-2021-08-25-at-19.15.06-225x300.jpeg 225w, https:\/\/www.kenneldonum.fi\/wp-content\/uploads\/2021\/08\/WhatsApp-Image-2021-08-25-at-19.15.06-1152x1536.jpeg 1152w, https:\/\/www.kenneldonum.fi\/wp-content\/uploads\/2021\/08\/WhatsApp-Image-2021-08-25-at-19.15.06.jpeg 1536w\" sizes=\"(max-width: 768px) 100vw, 768px\" \/><\/figure>\n\n\n\n<figure class=\"wp-block-image size-large is-resized\"><img decoding=\"async\" src=\"https:\/\/www.kenneldonum.fi\/wp-content\/uploads\/2021\/08\/WhatsApp-Image-2021-08-25-at-19.16.17-1024x768.jpeg\" alt=\"\" class=\"wp-image-460\" width=\"425\" srcset=\"https:\/\/www.kenneldonum.fi\/wp-content\/uploads\/2021\/08\/WhatsApp-Image-2021-08-25-at-19.16.17-1024x768.jpeg 1024w, https:\/\/www.kenneldonum.fi\/wp-content\/uploads\/2021\/08\/WhatsApp-Image-2021-08-25-at-19.16.17-300x225.jpeg 300w, https:\/\/www.kenneldonum.fi\/wp-content\/uploads\/2021\/08\/WhatsApp-Image-2021-08-25-at-19.16.17-768x576.jpeg 768w, https:\/\/www.kenneldonum.fi\/wp-content\/uploads\/2021\/08\/WhatsApp-Image-2021-08-25-at-19.16.17-1536x1152.jpeg 1536w, https:\/\/www.kenneldonum.fi\/wp-content\/uploads\/2021\/08\/WhatsApp-Image-2021-08-25-at-19.16.17.jpeg 2048w\" sizes=\"(max-width: 1024px) 100vw, 1024px\" \/><\/figure>\n\n\n\n<p class=\"has-normal-font-size\">AVO-EH<\/p>\n\n\n\n<p>Lonkat: B\/B<\/p>\n\n\n\n<p>Kyyn\u00e4r\u00e4t: 0\/0<\/p>\n\n\n\n<p>Silm\u00e4t:&nbsp;terveet 29.3.2019<br>pieni pinnallinen kolesterolikertym\u00e4 sarveiskalvossa todettu, ei haittaa koiraa eik\u00e4 jalostusk\u00e4ytt\u00f6\u00e4 28.5.2021<\/p>\n\n\n\n<p>Kivekset: normaalit 5.6.2018 &nbsp;<\/p>\n\n\n\n<p>prcd-PRA: A \u2013 terve (laskennallisesti)<\/p>\n\n\n\n<p>Kilpirauhasarvot:&nbsp;&nbsp;&nbsp;&nbsp;&nbsp;&nbsp;&nbsp;&nbsp;&nbsp;&nbsp;&nbsp;&nbsp;&nbsp;&nbsp;&nbsp;&nbsp;&nbsp;&nbsp;&nbsp;&nbsp;&nbsp;&nbsp;&nbsp;<br>TGAA:&nbsp;negative 15.6.2021<br>T4\/TSH: negative 15.6.2021&nbsp; &nbsp; &nbsp; &nbsp; &nbsp; &nbsp; &nbsp; &nbsp;&nbsp;&nbsp; &nbsp; &nbsp;&nbsp;<\/p>\n\n\n\n<p>Diluutio: D\/D \u2013 terve (laskennallisesti)<\/p>\n\n\n\n<p>Lonkkaindeksi: 104<\/p>\n\n\n\n<p>S\u00e4k\u00e4korkeus: n. 50&nbsp;cm (ep\u00e4virallinen)<br><br><a href=\"https:\/\/jalostus.kennelliitto.fi\/frmTulos.aspx?Id_Tulos=3299868\" target=\"_blank\" rel=\"noreferrer noopener\">Luonnetesti: 63 pistett\u00e4 \u2013 laukausvarma<\/a><\/p>\n\n\n\n<p><\/p>\n","protected":false},"excerpt":{"rendered":"<p>Yhdistelm\u00e4 Usva &#8211; Donum Dilectum Usva on touhukas, iloinen ja kaikessa mukana oleva perhekoira. Usvasta saa seuraa niin pihahommiin kuin saunan lauteille. Usvan kanssa on k\u00e4yty pentukurssit, agilityn alkeet, sek\u00e4 harrastettu nose worki\u00e4. Usva rakastaa noutamista ja jaksaisikin hakea leluja ja palloaan loputtomasti. Usva hakee huomiota kuljettelemalla lasten sukkia ja pehmoleluja, niit\u00e4 kuitenkaan hajoittamatta. Usva [&hellip;]<\/p>\n","protected":false},"author":1,"featured_media":0,"parent":28,"menu_order":0,"comment_status":"closed","ping_status":"closed","template":"","meta":{"footnotes":""},"class_list":["post-700","page","type-page","status-publish","hentry"],"_links":{"self":[{"href":"https:\/\/www.kenneldonum.fi\/index.php\/wp-json\/wp\/v2\/pages\/700","targetHints":{"allow":["GET"]}}],"collection":[{"href":"https:\/\/www.kenneldonum.fi\/index.php\/wp-json\/wp\/v2\/pages"}],"about":[{"href":"https:\/\/www.kenneldonum.fi\/index.php\/wp-json\/wp\/v2\/types\/page"}],"author":[{"embeddable":true,"href":"https:\/\/www.kenneldonum.fi\/index.php\/wp-json\/wp\/v2\/users\/1"}],"replies":[{"embeddable":true,"href":"https:\/\/www.kenneldonum.fi\/index.php\/wp-json\/wp\/v2\/comments?post=700"}],"version-history":[{"count":7,"href":"https:\/\/www.kenneldonum.fi\/index.php\/wp-json\/wp\/v2\/pages\/700\/revisions"}],"predecessor-version":[{"id":740,"href":"https:\/\/www.kenneldonum.fi\/index.php\/wp-json\/wp\/v2\/pages\/700\/revisions\/740"}],"up":[{"embeddable":true,"href":"https:\/\/www.kenneldonum.fi\/index.php\/wp-json\/wp\/v2\/pages\/28"}],"wp:attachment":[{"href":"https:\/\/www.kenneldonum.fi\/index.php\/wp-json\/wp\/v2\/media?parent=700"}],"curies":[{"name":"wp","href":"https:\/\/api.w.org\/{rel}","templated":true}]}}