{"id":33,"date":"2019-11-28T15:06:28","date_gmt":"2019-11-28T13:06:28","guid":{"rendered":"http:\/\/www.kenneldonum.fi\/?page_id=33"},"modified":"2026-04-04T14:24:55","modified_gmt":"2026-04-04T12:24:55","slug":"kennel-donum","status":"publish","type":"page","link":"https:\/\/www.kenneldonum.fi\/","title":{"rendered":"Kennel Donum"},"content":{"rendered":"\n<p class=\"has-black-color has-pale-pink-background-color has-text-color has-background has-medium-font-size\"><a href=\"https:\/\/www.kenneldonum.fi\/index.php\/pentusuunnitelmia-loppukevat-2026\/\">Seuraava pentue on suunnitteilla loppukev\u00e4\u00e4ll\u00e4 2026.<\/a> <br>Molemmat vanhemmat on kattavasti terveystutkittu ja luonnetestattu.<br><a href=\"https:\/\/drive.google.com\/file\/d\/1xhwuQFymmceq_dNNFTnW7BJP2FLgXDiJ\/view?usp=drivesdk\"><mark style=\"background-color:rgba(0, 0, 0, 0)\" class=\"has-inline-color has-black-color\">Yhdistelm\u00e4 t\u00e4ytt\u00e4\u00e4 rotuj\u00e4rjest\u00f6n pentuv\u00e4lityksen vaatimukset ja suositukset (linkki<\/mark>) <\/a><br><br>Etsin pennuille rakastavia, yhteisty\u00f6haluisia, harrastavia, vastuullisia koteja.<br><br><strong>Etsin my\u00f6s narttupennulle sijoituskotia.<\/strong><br><br>Tiedustelut: perro ( at) kenneldonum.fi<\/p>\n\n\n\n<p><strong>Koiran luonne on ollut aina kasvatusty\u00f6ni kantava ajatus.<br>Useampi kasvattini toimii \/ on toiminut menestyksekk\u00e4\u00e4sti erilaisina kuntoutus- ja terapiakoirina sek\u00e4 mets\u00e4stysk\u00e4yt\u00f6ss\u00e4. <\/strong> Kaikki jalostukseen k\u00e4ytt\u00e4m\u00e4ni koirat luonnetestataan (MH, LTE, hyv\u00e4ksytty SPA-koe, K\u00e4ytt\u00e4ytymisen jalostustarkastus tai SmartDOG &#8211; personallisuustesti). En k\u00e4yt\u00e4 arkoja tai laukausarkoja koiria.<\/p>\n\n\n\n<p><a href=\"https:\/\/www.kenneldonum.fi\/index.php\/koiran-luonne-ja-kayttaytyminen\/\">Koiran luonne ja k\u00e4ytt\u00e4ytyminen <\/a> (linkki)<\/p>\n\n\n\n<p class=\"has-very-dark-gray-color has-pale-cyan-blue-background-color has-text-color has-background has-normal-font-size\"><strong>Kennel Donum sijoittui Vesikoirat ry:n <\/strong><a rel=\"noreferrer noopener\" href=\"https:\/\/www.vesikoirat.fi\/etusivu\/vuoden-koira-2023\/vuoden-koira-2022-tulokset\" target=\"_blank\"><br><\/a><strong><a href=\"https:\/\/www.vesikoirat.fi\/etusivu\/vuoden-koira-2024\/vuoden-koira-2022-tulokset\" target=\"_blank\" rel=\"noreferrer noopener\">Vuoden kasvattaja 2022 &#8211; kisassa 3. sijalle<\/a><\/strong><br><a rel=\"noreferrer noopener\" href=\"https:\/\/www.vesikoirat.fi\/etusivu\/vuoden-koira-2024\/vuoden-koira-2023-tulokset\" target=\"_blank\"><strong>Vuoden kasvattaja 2023 &#8211; kisassa 5. sijalle<\/strong><\/a><br><strong>Pisteet koostuivat harrastustuloksista, terveystutkimuksista ja luonnetesteist\u00e4.<br>Suurkiitos aktiivisuudestanne ihanat kasvatit!<\/strong><br><\/p>\n\n\n\n<p>Yhteydenotot:<br>Anna-Kaisa<br>perro (at) kenneldonum.fi<\/p>\n\n\n\n<p>Asumme Pohjois-Kirkkonummella.<\/p>\n\n\n\n<p><br><br><\/p>\n\n\n\n<div class=\"wp-block-media-text alignwide has-media-on-the-right is-stacked-on-mobile is-vertically-aligned-center is-image-fill-element\" style=\"grid-template-columns:auto 41%\"><div class=\"wp-block-media-text__content\">\n<p><\/p>\n\n\n\n<p style=\"font-size:14px\">Tutustuin espanjanvesikoiriin vuonna 2006, kun ryhdyin&nbsp;etsim\u00e4\u00e4n&nbsp;itselleni&nbsp;sopivaa keskikokoista monipuolista harrastuskoiraa, jonka turkki olisi mahdollisimman helppohoitoinen. Ihastuin tapaamiini perroihin heti ja niinp\u00e4 sitten joulukuussa 2006 perheeseemme muutti ihastuttava espanjalaisneiti Concurrido Gala, jonka kutsumanimeksi tuli Minttu.<br>T\u00e4st\u00e4 loistavasta harrastuskaverista, sek\u00e4 yst\u00e4v\u00e4llisest\u00e4, rohkeasta, tasapainoisesta ja \u00e4lykk\u00e4\u00e4st\u00e4 el\u00e4m\u00e4ni koirasta tuli sitten kotikennelini ja pienimuotoisen kasvatustoimintani kantanarttu. <\/p>\n\n\n\n<p><\/p>\n\n\n\n<p><\/p>\n\n\n\n<p><\/p>\n\n\n\n<p><\/p>\n\n\n\n<p><\/p>\n\n\n\n<p><\/p>\n\n\n\n<p><\/p>\n\n\n\n<p><\/p>\n\n\n\n<p><\/p>\n<\/div><figure class=\"wp-block-media-text__media\"><img loading=\"lazy\" decoding=\"async\" width=\"625\" height=\"960\" src=\"https:\/\/www.kenneldonum.fi\/wp-content\/uploads\/2020\/06\/Minttu-Ruska-Kuutti-kivell\u00e4-2019.jpg\" alt=\"\" class=\"wp-image-266 size-full\" style=\"object-position:50% 50%\" srcset=\"https:\/\/www.kenneldonum.fi\/wp-content\/uploads\/2020\/06\/Minttu-Ruska-Kuutti-kivell\u00e4-2019.jpg 625w, https:\/\/www.kenneldonum.fi\/wp-content\/uploads\/2020\/06\/Minttu-Ruska-Kuutti-kivell\u00e4-2019-195x300.jpg 195w\" sizes=\"auto, (max-width: 625px) 100vw, 625px\" \/><\/figure><\/div>\n\n\n\n<div class=\"wp-block-group\"><div class=\"wp-block-group__inner-container is-layout-flow wp-block-group-is-layout-flow\"><\/div><\/div>\n\n\n\n<div class=\"wp-block-media-text alignwide is-stacked-on-mobile is-image-fill-element\" style=\"grid-template-columns:41% auto\"><figure class=\"wp-block-media-text__media\"><img loading=\"lazy\" decoding=\"async\" width=\"212\" height=\"283\" src=\"https:\/\/www.kenneldonum.fi\/wp-content\/uploads\/2019\/11\/Mina-Taika-Tenho-2005.jpg\" alt=\"\" class=\"wp-image-85 size-full\" style=\"object-position:50% 50%\"\/><\/figure><div class=\"wp-block-media-text__content\">\n<p><\/p>\n\n\n\n<p><\/p>\n\n\n\n<p>Lapsuudenkodissani oli ja on pitk\u00e4karvaisia collieita ja moniin muihin koirarotuihin olen tutustunut lapsesta asti l\u00e4hipiirin karvakuonojen&nbsp;my\u00f6t\u00e4, mutta nyt 20 vuotta arjen vesi\u00e4isten kanssa jaettuani&nbsp;ja harrastuksissa&nbsp;puuhattuani en en\u00e4\u00e4 muita rotuja&nbsp;voisi itselleni ajatella.<\/p>\n\n\n\n<p>Syd\u00e4n on todella viety mukanaan vauhdinhurmassa&nbsp;\u2764<br><br>(Kuvassa min\u00e4, edesmennyt Taika ja Tenho vuonna 2005)<br><br><\/p>\n<\/div><\/div>\n\n\n\n<p><\/p>\n\n\n\n<p>Mintun ja Nanon narttupentu Donum Amor (Panda) j\u00e4i meille laumanjatkoksi talven 2011 pentueesta.&nbsp;<\/p>\n\n\n\n<p>Mintun ja Tarmon hurmaava narttupentu Donum Bene (Ruska) j\u00e4i kotiin talven 2013 pentueesta.<br><br>Martan ja Pojun kaunis, rohkea, vilkas ja eritt\u00e4in avoin narttupentu Donum Carpe Diem (Kuutti)&nbsp;liittyi kotilaumaan kes\u00e4n 2017 pentueesta.<br><br>Kuutin ja Pedron eritt\u00e4in reipas, rohkea, iloinen ja avoin narttupentu Viola (Donum Humor) liittyi kotilaumaamme syksyn 2021 pentueesta.<\/p>\n\n\n\n<p>Koirieni kanssa harrastelen s\u00e4\u00e4nn\u00f6llisen ep\u00e4s\u00e4\u00e4nn\u00f6llisesti silloin kun aikaa siihen on ja lajit vaihtelevat ihan fiiliksen ja vuodenajan mukaan.&nbsp;Tykk\u00e4\u00e4n kokeilla aina jotain uutta, ja eritt\u00e4in monipuolisten&nbsp;espanjalaisteni&nbsp;kanssa se onkin mahdollista, koska t\u00e4h\u00e4n menness\u00e4 koirat ovat&nbsp;olleet&nbsp;ihan toimivia lajissa kuin lajissa.&nbsp;Lajeja joita ollaan kokeiltu ja\/tai harrasteltu: agility, toko, rally-toko, koiratanssi, koirafrisbee, paimennus, mej\u00e4, haku, j\u00e4lki,&nbsp;hajuerottelu, vepe, Do As I Do ja&nbsp;taipparit k\u00e4yty l\u00e4p\u00e4isem\u00e4ss\u00e4.&nbsp;Pandan kanssa k\u00e4vimme 2013&nbsp;ID- eli tunnistusj\u00e4ljestyskoulutuksessa.&nbsp;&nbsp;<br><a rel=\"noreferrer noopener\" href=\"https:\/\/www.kenneldonum.fi\/index.php\/2020\/09\/17\/juttu-id-koulutuksestamme-spanieli-lehti-4-13\/\" target=\"_blank\">Juttu ID-koulutuksestamme Spanieli-lehti 4\/13&nbsp;<\/a><br><br><a rel=\"noreferrer noopener\" href=\"https:\/\/www.kenneldonum.fi\/index.php\/2021\/08\/26\/spa-koe-juttu-vesikoiramme-lehti-2-2021\/\" target=\"_blank\">SPA-koejuttu Vesikoiramme-lehti 2\/2021<\/a><\/p>\n\n\n\n<p>Olen suorittanut Suomen Kennelliiton Kasvattajakurssin vuonna 2009, kennelnimi my\u00f6nnettiin 2010, Kasvattajan jatkokurssin 2013 ja Jalostusneuvojien peruskoulutuksen vuonna 2021. Olen my\u00f6s Kennelliiton <a href=\"https:\/\/www.kennelliitto.fi\/koirat\/kaverikoirat\" target=\"_blank\" rel=\"noreferrer noopener\">Kaverikoiraohjaaja<\/a> , soveltuvuus arvioitiin oman koirani ja kasvattini <a href=\"https:\/\/www.kenneldonum.fi\/index.php\/omat-koirat\/148-2\/\" target=\"_blank\" rel=\"noreferrer noopener\">Kuutin <\/a>kanssa.<br><br>Toimin <a href=\"https:\/\/espanjanvesikoiraharrastajat.fi\/\">Espanjanvesikoiraharrastajat<\/a> ry:n hallituksessa.<\/p>\n\n\n\n<p>Koulutan itse\u00e4ni jatkuvasti erilaisilla koira-aiheisilla kursseilla, koulutuksissa ja seminaareissa&nbsp;(&nbsp;Tommy Wiren, Tuire Kaimio, Katariina Tiira, Ilkka Hormila, Nina Menna, Jari Parkkisenniemi, Anna Rimppi, P\u00e4ivi Romppainen, Antonio Garc\u00eda P\u00e9rezin, Salme Mujunen&nbsp;jne.&nbsp;)<\/p>\n\n\n\n<p>Minulla on virallinen kennelnimi ja olen allekirjoittanut&nbsp;<a rel=\"noreferrer noopener\" href=\"https:\/\/www.kennelliitto.fi\/sites\/default\/files\/media\/kasvattajasitoumus2011_web_taytettava.pdf\" target=\"_blank\">kasvattajasitoumuksen.<\/a>&nbsp; <br>Kennelini nimeksi halusin latinankielisen sanan, koska vesikoirien historia juontaa juurensa vanhoille latinankielisille alueille. Kennelin kantanartun Mintun rekisterinimi on Concurrido Gala. Gala tarkoittaa juhlaa, ja vastaavasti latinan sana Donum tarkoittaa lahjaa, lahjakasta tai juhlaa. &nbsp;<\/p>\n\n\n\n<p><strong>Kasvatusty\u00f6ss\u00e4ni pid\u00e4n kaikkein t\u00e4rkeimp\u00e4n\u00e4 asiana koirien luonnetta, terveytt\u00e4 unohtamatta.<\/strong><br><br><a rel=\"noreferrer noopener\" href=\"https:\/\/www.youtube.com\/user\/KennelDonum\" target=\"_blank\">VIDEOITA<\/a><br><br>Olen j\u00e4senen\u00e4 mm. seuraavissa yhdistyksiss\u00e4:<\/p>\n\n\n\n<p><a href=\"http:\/\/www.kennelliitto.fi\/\" target=\"_blank\" rel=\"noreferrer noopener\">Suomen Kennelliitto<\/a><\/p>\n\n\n\n<p><a href=\"http:\/\/sukoka.fi\/\" target=\"_blank\" rel=\"noreferrer noopener\">Suomen Koirankasvattajat ry<\/a><\/p>\n\n\n\n<p><a href=\"http:\/\/www.vesikoirat.fi\/\" target=\"_blank\" rel=\"noreferrer noopener\">Vesikoirat ry<\/a><\/p>\n\n\n\n<p><a rel=\"noreferrer noopener\" href=\"https:\/\/espanjanvesikoiraharrastajat.fi\/\" target=\"_blank\">Espanjanvesikoiraharrastajat ry<\/a><\/p>\n\n\n\n<p><a rel=\"noreferrer noopener\" href=\"https:\/\/vekora.net\/\" target=\"_blank\">Veikkolan koirakerho ry<\/a><\/p>\n\n\n\n<p><a href=\"https:\/\/www.sey.fi\/\" target=\"_blank\" rel=\"noreferrer noopener\">SEY Suomen El\u00e4insuojeluyhdistysten liitto ry<\/a><\/p>\n\n\n\n<p>Yhteydenotot:<br>perro (at) kenneldonum.fi<\/p>\n\n\n\n<p>Asumme Pohjois-Kirkkonummella.<\/p>\n\n\n\n<figure class=\"wp-block-image size-full is-resized\"><a href=\"https:\/\/www.facebook.com\/aaki.vihavainen\"><img loading=\"lazy\" decoding=\"async\" width=\"960\" height=\"956\" src=\"https:\/\/www.kenneldonum.fi\/wp-content\/uploads\/2025\/11\/Logo_de_Facebook.png\" alt=\"\" class=\"wp-image-1265\" style=\"width:40px\" srcset=\"https:\/\/www.kenneldonum.fi\/wp-content\/uploads\/2025\/11\/Logo_de_Facebook.png 960w, https:\/\/www.kenneldonum.fi\/wp-content\/uploads\/2025\/11\/Logo_de_Facebook-300x300.png 300w, https:\/\/www.kenneldonum.fi\/wp-content\/uploads\/2025\/11\/Logo_de_Facebook-150x150.png 150w, https:\/\/www.kenneldonum.fi\/wp-content\/uploads\/2025\/11\/Logo_de_Facebook-768x765.png 768w\" sizes=\"auto, (max-width: 960px) 100vw, 960px\" \/><\/a><\/figure>\n\n\n\n<p><\/p>\n","protected":false},"excerpt":{"rendered":"<p>Seuraava pentue on suunnitteilla loppukev\u00e4\u00e4ll\u00e4 2026. Molemmat vanhemmat on kattavasti terveystutkittu ja luonnetestattu.Yhdistelm\u00e4 t\u00e4ytt\u00e4\u00e4 rotuj\u00e4rjest\u00f6n pentuv\u00e4lityksen vaatimukset ja suositukset (linkki) Etsin pennuille rakastavia, yhteisty\u00f6haluisia, harrastavia, vastuullisia koteja. Etsin my\u00f6s narttupennulle sijoituskotia. Tiedustelut: perro ( at) kenneldonum.fi Koiran luonne on ollut aina kasvatusty\u00f6ni kantava ajatus.Useampi kasvattini toimii \/ on toiminut menestyksekk\u00e4\u00e4sti erilaisina kuntoutus- ja terapiakoirina sek\u00e4 [&hellip;]<\/p>\n","protected":false},"author":1,"featured_media":0,"parent":0,"menu_order":0,"comment_status":"closed","ping_status":"closed","template":"","meta":{"footnotes":""},"class_list":["post-33","page","type-page","status-publish","hentry"],"_links":{"self":[{"href":"https:\/\/www.kenneldonum.fi\/index.php\/wp-json\/wp\/v2\/pages\/33","targetHints":{"allow":["GET"]}}],"collection":[{"href":"https:\/\/www.kenneldonum.fi\/index.php\/wp-json\/wp\/v2\/pages"}],"about":[{"href":"https:\/\/www.kenneldonum.fi\/index.php\/wp-json\/wp\/v2\/types\/page"}],"author":[{"embeddable":true,"href":"https:\/\/www.kenneldonum.fi\/index.php\/wp-json\/wp\/v2\/users\/1"}],"replies":[{"embeddable":true,"href":"https:\/\/www.kenneldonum.fi\/index.php\/wp-json\/wp\/v2\/comments?post=33"}],"version-history":[{"count":145,"href":"https:\/\/www.kenneldonum.fi\/index.php\/wp-json\/wp\/v2\/pages\/33\/revisions"}],"predecessor-version":[{"id":1368,"href":"https:\/\/www.kenneldonum.fi\/index.php\/wp-json\/wp\/v2\/pages\/33\/revisions\/1368"}],"wp:attachment":[{"href":"https:\/\/www.kenneldonum.fi\/index.php\/wp-json\/wp\/v2\/media?parent=33"}],"curies":[{"name":"wp","href":"https:\/\/api.w.org\/{rel}","templated":true}]}}