{"id":29,"date":"2019-11-28T15:06:27","date_gmt":"2019-11-28T13:06:27","guid":{"rendered":"http:\/\/www.kenneldonum.fi\/?page_id=29"},"modified":"2023-10-20T16:17:25","modified_gmt":"2023-10-20T14:17:25","slug":"linkit","status":"publish","type":"page","link":"https:\/\/www.kenneldonum.fi\/index.php\/linkit\/","title":{"rendered":"linkit"},"content":{"rendered":"\n<p><a href=\"http:\/\/www.vesikoirat.fi\/\" target=\"_blank\" rel=\"noreferrer noopener\">Vesikoirat ry<\/a><\/p>\n\n\n\n<p><a href=\"https:\/\/espanjanvesikoiraharrastajat.fi\/\" target=\"_blank\" rel=\"noreferrer noopener\">Espanj<\/a><a href=\"https:\/\/espanjanvesikoiraharrastajat.fi\/\">anvesikoiraharrastajat ry<\/a><\/p>\n\n\n\n<p><a href=\"http:\/\/www.spanieliliitto.fi\/\">S<\/a><a href=\"http:\/\/www.spanieliliitto.fi\/\" target=\"_blank\" rel=\"noreferrer noopener\">uomen Sp<\/a><a href=\"http:\/\/www.spanieliliitto.fi\/\">anieliliitto<\/a><\/p>\n\n\n\n<p><a href=\"http:\/\/www.kennelliitto.fi\/fi\" target=\"_blank\" rel=\"noreferrer noopener\">Suomen Kenne<\/a><a href=\"http:\/\/www.kennelliitto.fi\/fi\">lliitto<\/a><\/p>\n\n\n\n<p><a href=\"https:\/\/sites.google.com\/site\/perritorito\/alkusivu\">E<\/a><a href=\"https:\/\/sites.google.com\/site\/perritorito\/alkusivu\" target=\"_blank\" rel=\"noreferrer noopener\">spanjanvesikoirien v\u00e4risiv<\/a><a href=\"https:\/\/sites.google.com\/site\/perritorito\/alkusivu\">ut<\/a><\/p>\n\n\n\n<p><a href=\"http:\/\/www.palveluskoiraliitto.fi\/\">Suomen Palveluskoiraliitto<\/a><\/p>\n\n\n\n<p><a href=\"http:\/\/www.pelastuskoiraliitto.fi\/\" target=\"_blank\" rel=\"noreferrer noopener\">Suomen Pelastuskoiraliitto<\/a><\/p>\n\n\n\n<p><a href=\"http:\/\/www.rally-toko.fi\/\" target=\"_blank\" rel=\"noreferrer noopener\">Suomen Rally-Tokoliitto ry<\/a><\/p>\n\n\n\n<p><a rel=\"noreferrer noopener\" href=\"http:\/\/www.agilityliitto.fi\/agility-lajina\/\" target=\"_blank\">Suomen Agilityliitto<\/a><\/p>\n\n\n\n<p><a rel=\"noreferrer noopener\" href=\"https:\/\/www.koirangeenit.fi\/\" target=\"_blank\">Koirien geenitutkimus<\/a><\/p>\n\n\n\n<p><a href=\"https:\/\/www.eisepure.fi\/\">Koiran Ensiapu<\/a><br><br><a rel=\"noreferrer noopener\" href=\"https:\/\/www.elaintieto.fi\/\" target=\"_blank\">El\u00e4inten hyvinvointikeskus EHK<\/a><\/p>\n\n\n\n<p><a href=\"https:\/\/www.facebook.com\/groups\/453141521554570\" target=\"_blank\" rel=\"noreferrer noopener\">Mets\u00e4st\u00e4v\u00e4t perrot<\/a><br><a rel=\"noreferrer noopener\" href=\"http:\/\/www.espoonkoirakerho.net\/\" target=\"_blank\"><br><\/a><br><\/p>\n","protected":false},"excerpt":{"rendered":"<p>Vesikoirat ry Espanjanvesikoiraharrastajat ry Suomen Spanieliliitto Suomen Kennelliitto Espanjanvesikoirien v\u00e4risivut Suomen Palveluskoiraliitto Suomen Pelastuskoiraliitto Suomen Rally-Tokoliitto ry Suomen Agilityliitto Koirien geenitutkimus Koiran Ensiapu El\u00e4inten hyvinvointikeskus EHK Mets\u00e4st\u00e4v\u00e4t perrot<\/p>\n","protected":false},"author":1,"featured_media":0,"parent":0,"menu_order":0,"comment_status":"closed","ping_status":"closed","template":"","meta":{"footnotes":""},"class_list":["post-29","page","type-page","status-publish","hentry"],"_links":{"self":[{"href":"https:\/\/www.kenneldonum.fi\/index.php\/wp-json\/wp\/v2\/pages\/29","targetHints":{"allow":["GET"]}}],"collection":[{"href":"https:\/\/www.kenneldonum.fi\/index.php\/wp-json\/wp\/v2\/pages"}],"about":[{"href":"https:\/\/www.kenneldonum.fi\/index.php\/wp-json\/wp\/v2\/types\/page"}],"author":[{"embeddable":true,"href":"https:\/\/www.kenneldonum.fi\/index.php\/wp-json\/wp\/v2\/users\/1"}],"replies":[{"embeddable":true,"href":"https:\/\/www.kenneldonum.fi\/index.php\/wp-json\/wp\/v2\/comments?post=29"}],"version-history":[{"count":5,"href":"https:\/\/www.kenneldonum.fi\/index.php\/wp-json\/wp\/v2\/pages\/29\/revisions"}],"predecessor-version":[{"id":907,"href":"https:\/\/www.kenneldonum.fi\/index.php\/wp-json\/wp\/v2\/pages\/29\/revisions\/907"}],"wp:attachment":[{"href":"https:\/\/www.kenneldonum.fi\/index.php\/wp-json\/wp\/v2\/media?parent=29"}],"curies":[{"name":"wp","href":"https:\/\/api.w.org\/{rel}","templated":true}]}}