{"id":256,"date":"2020-06-03T14:58:13","date_gmt":"2020-06-03T12:58:13","guid":{"rendered":"http:\/\/www.kenneldonum.fi\/?page_id=256"},"modified":"2026-03-02T19:03:50","modified_gmt":"2026-03-02T17:03:50","slug":"harrastukset","status":"publish","type":"page","link":"https:\/\/www.kenneldonum.fi\/index.php\/harrastukset\/","title":{"rendered":"Harrastukset"},"content":{"rendered":"\n<p>Espanjanvesikoira on yleens\u00e4 luonteeltaan aktiviinen rotu, joka ei sovellu pelk\u00e4ksi sohvakoiraksi. Perron kanssa voi harrastaa mit\u00e4 tahansa lajia, mihin kunkin yksil\u00f6n taipumukset soveltuvat. Kilpailuoikeudet espanjanvesikoirilla on seuraaviin&nbsp; lajeihin:<\/p>\n\n\n\n<ul class=\"wp-block-list\">\n<li>Agility<\/li>\n\n\n\n<li>Paimennus<\/li>\n\n\n\n<li>Hoopers<\/li>\n\n\n\n<li>Flyball<\/li>\n\n\n\n<li>Junior handler<\/li>\n\n\n\n<li>Koirajuoksu, canicross<\/li>\n\n\n\n<li>Koiran\u00e4yttelyt<\/li>\n\n\n\n<li>Koiratanssi<\/li>\n\n\n\n<li>Mets\u00e4styskoirien j\u00e4ljest\u00e4miskoe (MEJ\u00c4)<\/li>\n\n\n\n<li>Palveluskoirakoelajit\n<ul class=\"wp-block-list\">\n<li>J\u00e4lkikoe (JK)<\/li>\n\n\n\n<li>viestikoe (VK)<\/li>\n\n\n\n<li>hakukoe (HK)<\/li>\n\n\n\n<li>etsint\u00e4koe (EK)<\/li>\n\n\n\n<li>valjakkohiihto<\/li>\n\n\n\n<li>erikoisj\u00e4lki (FH)<\/li>\n\n\n\n<li>pelastuskoe<\/li>\n\n\n\n<li>kansainv\u00e4linen pelastuskoe (IPOR)<\/li>\n\n\n\n<li>k\u00e4ytt\u00e4ytymiskoe (BH)<\/li>\n<\/ul>\n<\/li>\n\n\n\n<li>Spanielien mets\u00e4styskoe\n<ul class=\"wp-block-list\">\n<li>vesilintukoe (SPVE)<\/li>\n\n\n\n<li>maalintukoe (SPME)<\/li>\n<\/ul>\n<\/li>\n\n\n\n<li>Spanielien taipumuskoe<\/li>\n\n\n\n<li>Tottelevaisuuskoe (TOKO)<\/li>\n\n\n\n<li>Vesipelastus (VEPE)<\/li>\n<\/ul>\n\n\n\n<p>AGILITY<\/p>\n\n\n\n<p>Agility on hyvin suosittu harrastusmuoto, jossa kilpailee useita kymmeni\u00e4 espanjanvesikoiria ja lukematon m\u00e4\u00e4r\u00e4 harrastaa lajia k\u00e4ym\u00e4tt\u00e4 kilpailuissa. Espanjanvesikoiria kilpailee lajin medi- ja maksi-kokoluokissa.&nbsp;<\/p>\n\n\n\n<p>TOTTELEVAISUUSKOE (TOKO)<\/p>\n\n\n\n<p>Tottelevaisuuskoe on koek\u00e4ynneiss\u00e4 mitattuna espanjanvesikoirien toisiksi suosituin koelaji agilityn j\u00e4lkeen. Tottelevaisuuskoulutuksen tarkoituksena on opettaa koiralle miellytt\u00e4v\u00e4\u00e4 ja hallittua k\u00e4ytt\u00e4ytymist\u00e4 sek\u00e4 koiran ohjaajalle oikeaa ja asiallista koiran k\u00e4sittelytaitoa. Tottelevaisuuskokeissa testataan koiran ja ohjaajan v\u00e4list\u00e4 yhteisty\u00f6t\u00e4 sek\u00e4 koiran koulutuksen tasoa nelj\u00e4ss\u00e4 eri luokassa. Eri koeluokkia ovat alokas-, avoin-, voittaja- ja erikoisvoittajaluokka. Tottelevaisuuskokeeseen saavat osallistua kaikki tunnistusmerkityt ja Suomen Kennelliiton m\u00e4\u00e4r\u00e4ysten mukaisesti rokotetut 10 kk t\u00e4ytt\u00e4neet koirat. Erikoisvoittajaluokkaan saavat osallistua 15 kk t\u00e4ytt\u00e4neet koirat.&nbsp;&nbsp;<\/p>\n\n\n\n<p>PALVELUSKOIRAKOELAJIT<\/p>\n\n\n\n<p>Espanjanvesikoiralla voi harrastaa ja k\u00e4yd\u00e4 kokeissa kansallisissa- ja kansainv\u00e4lisiss\u00e4 palveluskoiralajeissa.<\/p>\n\n\n\n<p>Palveluskoirakokeiden lajeja ovat j\u00e4lkikoe (PAJ\u00c4), hakukoe (PAHA), viestikoe (PAVI), etsint\u00e4koe (PAEK), valjakkohiihto (PAVH), erikoisj\u00e4lki (PAEJ) ja suojelu (PASU).&nbsp;<a href=\"http:\/\/www.palveluskoiraliitto.fi\/koetoim.htm\" target=\"_blank\" rel=\"noreferrer noopener\"><\/a><\/p>\n\n\n\n<p>MEJ\u00c4 eli mets\u00e4styskoirien j\u00e4lkikoe<\/p>\n\n\n\n<p>MEJ\u00c4-kokeen ensisijainen teht\u00e4v\u00e4 on testata ja arvioida koiran kyky\u00e4 seurata haavoitetun riistael\u00e4imen j\u00e4lke\u00e4. Kokeissa on kaksi luokkaa, avoin luokka (AVO) ja voittajaluokka (VOI). Kaksi kertaa avoimen luokan ensimm\u00e4isen palkinnon saavuttanut koira siirtyy voittajaluokkaan.<\/p>\n\n\n\n<p>Kokeessa j\u00e4ljet tehd\u00e4\u00e4n lumettomalle maalle ja (mik\u00e4li mahdollista) riistarikkaaseen maastoon siten, ett\u00e4 tuomari koiraa h\u00e4iritsem\u00e4tt\u00e4 voi seurata sen ty\u00f6skentely\u00e4. J\u00e4lkien v\u00e4linen et\u00e4isyys on maastosta riippuen v\u00e4hint\u00e4\u00e4n 200 m. J\u00e4lki veretet\u00e4\u00e4n naudan tai hirviel\u00e4imen verell\u00e4 kostutetulla sienell\u00e4. Veri jaetaan tasaisesti ; l\u00e4ht\u00f6\u00f6n, makauksiin ja kaadolle pirskotetaan muutama pisara verta. J\u00e4ljen lopussa on kaato, joka on hirviel\u00e4imen sorkka.<\/p>\n","protected":false},"excerpt":{"rendered":"<p>Espanjanvesikoira on yleens\u00e4 luonteeltaan aktiviinen rotu, joka ei sovellu pelk\u00e4ksi sohvakoiraksi. Perron kanssa voi harrastaa mit\u00e4 tahansa lajia, mihin kunkin yksil\u00f6n taipumukset soveltuvat. Kilpailuoikeudet espanjanvesikoirilla on seuraaviin&nbsp; lajeihin: AGILITY Agility on hyvin suosittu harrastusmuoto, jossa kilpailee useita kymmeni\u00e4 espanjanvesikoiria ja lukematon m\u00e4\u00e4r\u00e4 harrastaa lajia k\u00e4ym\u00e4tt\u00e4 kilpailuissa. Espanjanvesikoiria kilpailee lajin medi- ja maksi-kokoluokissa.&nbsp; TOTTELEVAISUUSKOE (TOKO) Tottelevaisuuskoe [&hellip;]<\/p>\n","protected":false},"author":1,"featured_media":0,"parent":0,"menu_order":0,"comment_status":"closed","ping_status":"closed","template":"","meta":{"footnotes":""},"class_list":["post-256","page","type-page","status-publish","hentry"],"_links":{"self":[{"href":"https:\/\/www.kenneldonum.fi\/index.php\/wp-json\/wp\/v2\/pages\/256","targetHints":{"allow":["GET"]}}],"collection":[{"href":"https:\/\/www.kenneldonum.fi\/index.php\/wp-json\/wp\/v2\/pages"}],"about":[{"href":"https:\/\/www.kenneldonum.fi\/index.php\/wp-json\/wp\/v2\/types\/page"}],"author":[{"embeddable":true,"href":"https:\/\/www.kenneldonum.fi\/index.php\/wp-json\/wp\/v2\/users\/1"}],"replies":[{"embeddable":true,"href":"https:\/\/www.kenneldonum.fi\/index.php\/wp-json\/wp\/v2\/comments?post=256"}],"version-history":[{"count":2,"href":"https:\/\/www.kenneldonum.fi\/index.php\/wp-json\/wp\/v2\/pages\/256\/revisions"}],"predecessor-version":[{"id":1340,"href":"https:\/\/www.kenneldonum.fi\/index.php\/wp-json\/wp\/v2\/pages\/256\/revisions\/1340"}],"wp:attachment":[{"href":"https:\/\/www.kenneldonum.fi\/index.php\/wp-json\/wp\/v2\/media?parent=256"}],"curies":[{"name":"wp","href":"https:\/\/api.w.org\/{rel}","templated":true}]}}