{"id":133,"date":"2020-06-03T09:40:18","date_gmt":"2020-06-03T07:40:18","guid":{"rendered":"http:\/\/www.kenneldonum.fi\/?page_id=133"},"modified":"2021-09-04T20:33:29","modified_gmt":"2021-09-04T18:33:29","slug":"133-2","status":"publish","type":"page","link":"https:\/\/www.kenneldonum.fi\/index.php\/omat-koirat\/muistoissa\/130-2\/133-2\/","title":{"rendered":"Minttu &#8211; n\u00e4yttelyt ja kokeet"},"content":{"rendered":"\n<p>LUONNETESTI 28.4.2013<\/p>\n\n\n\n<p>Tuomarit: Auli Kiminki ja Pirjo Ojala-Laine<\/p>\n\n\n\n<p><br>Toimintakyky: +1 kohtuullinen<br><br>Ter\u00e4vyys: +3 kohtuullinen, ilman j\u00e4ljelle j\u00e4\u00e4v\u00e4\u00e4 hy\u00f6kk\u00e4yshalua<br><br>Puolustushalu: -1 haluton<br><br>Taistelutahto: +2 kohtuullinen<br><br>Hermorakenne: +1 hieman rauhaton<br><br>Temperamentti: +1 eritt\u00e4in vilkas<br><br>Kovuus: +1 hieman pehme\u00e4<br><br>Luoksep\u00e4\u00e4st\u00e4vyys: +2a luoksep\u00e4\u00e4st\u00e4v\u00e4, aavistuksen pid\u00e4ttyv\u00e4inen<br><br>Laukauspelottomuus: +++ laukaisuvarma<br><br>Loppupisteet: 125<\/p>\n\n\n\n<p><a href=\"http:\/\/www.youtube.com\/watch?v=mC4t2FAypJU&amp;feature=youtube_gdata&amp;noredirect=1\">luonnetesti osa 1<\/a><\/p>\n\n\n\n<p><a href=\"http:\/\/www.youtube.com\/watch?v=BA5Ej_Q3Wgk\">luonnetesti osa 2<\/a><\/p>\n\n\n\n<p><a href=\"http:\/\/www.youtube.com\/watch?v=MI3cJjsLC9g\">luonnetesti osa 3<\/a><\/p>\n\n\n\n<p><a href=\"http:\/\/www.youtube.com\/watch?v=67zyQKYAFYw\">luonnetesti osa 4 arvostelu<\/a><\/p>\n\n\n\n<figure class=\"wp-block-image size-large is-resized\"><img loading=\"lazy\" decoding=\"async\" src=\"https:\/\/www.kenneldonum.fi\/wp-content\/uploads\/2020\/09\/216154_10150178700482937_2249696_n.jpg\" alt=\"\" class=\"wp-image-370\" width=\"450\" height=\"391\"\/><\/figure>\n\n\n\n<p>SPANIELIEN TAIPUMUSKOE<\/p>\n\n\n\n<p>28.8.2010 Heinola&nbsp; Veli Nurminen<\/p>\n\n\n\n<p>SOSIAALINEN K\u00c4YTT\u00c4YTYMINEN:<\/p>\n\n\n\n<p>&nbsp;Yst\u00e4v\u00e4llisesti ihmisiin ja toisiin koiriin suhtautuva koira.<br>&nbsp;<\/p>\n\n\n\n<p>HAKU JA LAUKAUS:<\/p>\n\n\n\n<p>Reipasvauhtista hakua joka saisi olla laajempaa. K\u00e4ytt\u00e4\u00e4 ilma- ja maavainua. Hyvin ohjattavissa oleva koira. Laukauksesta hyp\u00e4ht\u00e4\u00e4 ja jatkaa.<br>&nbsp;<\/p>\n\n\n\n<p>J\u00c4LJESTYS:<\/p>\n\n\n\n<p>Nopeaa ja varmaa j\u00e4ljestyst\u00e4. Kulma tarkasti. Ottaa linnun suuhun.<br>&nbsp;<\/p>\n\n\n\n<p>VESITY\u00d6:<\/p>\n\n\n\n<p>Hypp\u00e4\u00e4 veteen, tuo riistapukin rantaan.<br><br>TOTTELEVAISUUS:<\/p>\n\n\n\n<p>Tottelee hyvin.<br>&nbsp;<\/p>\n\n\n\n<p>YHTEISTY\u00d6 JA YLEISVAIKUTELMA:<\/p>\n\n\n\n<p>Hyv\u00e4\u00e4 yhteisty\u00f6t\u00e4 kautta linjan. Kaikki toimii hyvin.<br><br>Tulos: SPA1<\/p>\n\n\n\n<figure class=\"wp-block-image size-large is-resized\"><img decoding=\"async\" src=\"https:\/\/www.kenneldonum.fi\/wp-content\/uploads\/2020\/09\/rop3-624x1024.jpg\" alt=\"\" class=\"wp-image-372\" width=\"450\" srcset=\"https:\/\/www.kenneldonum.fi\/wp-content\/uploads\/2020\/09\/rop3-624x1024.jpg 624w, https:\/\/www.kenneldonum.fi\/wp-content\/uploads\/2020\/09\/rop3-183x300.jpg 183w, https:\/\/www.kenneldonum.fi\/wp-content\/uploads\/2020\/09\/rop3-768x1261.jpg 768w, https:\/\/www.kenneldonum.fi\/wp-content\/uploads\/2020\/09\/rop3-935x1536.jpg 935w, https:\/\/www.kenneldonum.fi\/wp-content\/uploads\/2020\/09\/rop3-1247x2048.jpg 1247w, https:\/\/www.kenneldonum.fi\/wp-content\/uploads\/2020\/09\/rop3-scaled.jpg 1559w\" sizes=\"(max-width: 624px) 100vw, 624px\" \/><\/figure>\n\n\n\n<p>Spanieliliiton erikoisn\u00e4yttely &#8211; Hyvink\u00e4\u00e4 7.10.2017<br>&nbsp;<\/p>\n\n\n\n<p>Silva Jose Pereira (Portugali)<\/p>\n\n\n\n<p>VET ERI ROP<br>(Minttu vajaa 11-vuotias)<br><br>&#8221;Rodunomainen. Erinomainen p\u00e4\u00e4. Erinomainen runko. Erinomainen karva. Erinomaiset mittasuhteet. Hyv\u00e4t liikkeet&#8221;<\/p>\n\n\n\n<figure class=\"wp-block-image size-large is-resized\"><img decoding=\"async\" src=\"https:\/\/www.kenneldonum.fi\/wp-content\/uploads\/2020\/09\/Minttu-Tuomarikyl\u00e4-ERI-VET-VSP-030917-1024x641.jpg\" alt=\"\" class=\"wp-image-373\" width=\"450\" srcset=\"https:\/\/www.kenneldonum.fi\/wp-content\/uploads\/2020\/09\/Minttu-Tuomarikyl\u00e4-ERI-VET-VSP-030917-1024x641.jpg 1024w, https:\/\/www.kenneldonum.fi\/wp-content\/uploads\/2020\/09\/Minttu-Tuomarikyl\u00e4-ERI-VET-VSP-030917-300x188.jpg 300w, https:\/\/www.kenneldonum.fi\/wp-content\/uploads\/2020\/09\/Minttu-Tuomarikyl\u00e4-ERI-VET-VSP-030917-768x481.jpg 768w, https:\/\/www.kenneldonum.fi\/wp-content\/uploads\/2020\/09\/Minttu-Tuomarikyl\u00e4-ERI-VET-VSP-030917-1536x962.jpg 1536w, https:\/\/www.kenneldonum.fi\/wp-content\/uploads\/2020\/09\/Minttu-Tuomarikyl\u00e4-ERI-VET-VSP-030917.jpg 2048w\" sizes=\"(max-width: 1024px) 100vw, 1024px\" \/><\/figure>\n\n\n\n<p>Let&#8217;s Go Scandinavia &#8211; Helsinki 3.9.2017<br>&nbsp;<\/p>\n\n\n\n<p>Maritha \u00d6sterund-Holmsten<\/p>\n\n\n\n<p>Kaikkin rotujen kansainv\u00e4linen n\u00e4yttely<\/p>\n\n\n\n<p>ERI, PN2, VET VSP<br><br>&nbsp;<br><img decoding=\"async\" alt=\"\" src=\"http:\/\/www.vesikoirat.suntuubi.com\/datafiles\/userfiles\/Image\/Minttu%20karjaanettiin.jpg\"><br>&nbsp;<\/p>\n\n\n\n<figure class=\"wp-block-image size-large is-resized\"><img decoding=\"async\" src=\"https:\/\/www.kenneldonum.fi\/wp-content\/uploads\/2020\/09\/Minttu-karjaanettiin-626x1024.jpg\" alt=\"\" class=\"wp-image-374\" width=\"450\" srcset=\"https:\/\/www.kenneldonum.fi\/wp-content\/uploads\/2020\/09\/Minttu-karjaanettiin-626x1024.jpg 626w, https:\/\/www.kenneldonum.fi\/wp-content\/uploads\/2020\/09\/Minttu-karjaanettiin-183x300.jpg 183w, https:\/\/www.kenneldonum.fi\/wp-content\/uploads\/2020\/09\/Minttu-karjaanettiin-768x1256.jpg 768w, https:\/\/www.kenneldonum.fi\/wp-content\/uploads\/2020\/09\/Minttu-karjaanettiin-939x1536.jpg 939w, https:\/\/www.kenneldonum.fi\/wp-content\/uploads\/2020\/09\/Minttu-karjaanettiin.jpg 1083w\" sizes=\"(max-width: 626px) 100vw, 626px\" \/><\/figure>\n\n\n\n<p>Karjaa 9.7.2017<br>(Minttu vajaa 11-vuotias)<\/p>\n\n\n\n<p>Harto Stockmari<\/p>\n\n\n\n<p>Kaikkin rotujen kansallinen n\u00e4yttely<\/p>\n\n\n\n<p>SA, PN2, VET VSP, VASERT<br><br>&#8221; Eritt\u00e4in hyv\u00e4kuntoinen narttumainen veteraani jolla hyv\u00e4t mittasuhteet. Oikean muotoinen p\u00e4\u00e4. Hyv\u00e4 kaula ja yl\u00e4linja. Erinomainen vankka etuosa. Tilava runko. Rodunomaisesti kulmautuneet. Ik\u00e4isekseen fantastinen karva ja liikkeet&#8221;<\/p>\n\n\n\n<p><img decoding=\"async\" alt=\"\" src=\"http:\/\/www.vesikoirat.suntuubi.com\/datafiles\/userfiles\/Image\/Minttu%20erkkari%202013%20netti.jpg\">&nbsp;<br><\/p>\n\n\n\n<figure class=\"wp-block-image size-large is-resized\"><img decoding=\"async\" src=\"https:\/\/www.kenneldonum.fi\/wp-content\/uploads\/2020\/09\/Minttu-nettiin-erkkari.jpg\" alt=\"\" class=\"wp-image-375\" width=\"450\" srcset=\"https:\/\/www.kenneldonum.fi\/wp-content\/uploads\/2020\/09\/Minttu-nettiin-erkkari.jpg 425w, https:\/\/www.kenneldonum.fi\/wp-content\/uploads\/2020\/09\/Minttu-nettiin-erkkari-300x200.jpg 300w\" sizes=\"(max-width: 425px) 100vw, 425px\" \/><figcaption>Kuva Anna Kokko<\/figcaption><\/figure>\n\n\n\n<p>Hyvink\u00e4\u00e4 27.4.2013 &nbsp;<\/p>\n\n\n\n<p>Navarro Guisado Carmen (Espanja)<\/p>\n\n\n\n<p>Vesikoirat ry:n p\u00e4\u00e4erikoisn\u00e4yttely<\/p>\n\n\n\n<p>AVO ERI AVK4<\/p>\n\n\n\n<figure class=\"wp-block-image size-large is-resized\"><img decoding=\"async\" src=\"https:\/\/www.kenneldonum.fi\/wp-content\/uploads\/2020\/09\/IMG_0991.jpg\" alt=\"\" class=\"wp-image-376\" width=\"450\" srcset=\"https:\/\/www.kenneldonum.fi\/wp-content\/uploads\/2020\/09\/IMG_0991.jpg 342w, https:\/\/www.kenneldonum.fi\/wp-content\/uploads\/2020\/09\/IMG_0991-200x300.jpg 200w\" sizes=\"(max-width: 342px) 100vw, 342px\" \/><\/figure>\n\n\n\n<p>Hyvink\u00e4\u00e4n Wanha Areena&nbsp;9.10.2010&nbsp;&nbsp;<\/p>\n\n\n\n<p>Guillamon Jose Ramon&nbsp;(Espanja)&nbsp;&nbsp;<\/p>\n\n\n\n<p>Suomen Spanieliliiton p\u00e4\u00e4erikoisn\u00e4yttely<\/p>\n\n\n\n<p>AVO\u00a0ERI<\/p>\n\n\n\n<figure class=\"wp-block-image size-large is-resized\"><img decoding=\"async\" src=\"https:\/\/www.kenneldonum.fi\/wp-content\/uploads\/2021\/09\/hyvinkaa09III.jpg\" alt=\"\" class=\"wp-image-525\" width=\"450\" srcset=\"https:\/\/www.kenneldonum.fi\/wp-content\/uploads\/2021\/09\/hyvinkaa09III.jpg 720w, https:\/\/www.kenneldonum.fi\/wp-content\/uploads\/2021\/09\/hyvinkaa09III-300x200.jpg 300w\" sizes=\"(max-width: 720px) 100vw, 720px\" \/><\/figure>\n\n\n\n<p>Hyvink\u00e4\u00e4n Wanha Areena&nbsp;25.10.2009&nbsp;&nbsp;&nbsp;<\/p>\n\n\n\n<p>Mora Carazo Juan Carlos&nbsp;(Espanja)&nbsp;&nbsp;<\/p>\n\n\n\n<p>Suomen Spanieliliiton p\u00e4\u00e4erikoisn\u00e4yttely<\/p>\n\n\n\n<p>AVO&nbsp;ERI<\/p>\n\n\n\n<p>Hyvink\u00e4\u00e4n Wanha Areena\u00a019.10.2008\u00a0\u00a0<\/p>\n\n\n\n<p>Vicente Pinero-Lopez (Espanja)&nbsp;&nbsp;<\/p>\n\n\n\n<p>Suomen Spanieliliiton p\u00e4\u00e4erikoisn\u00e4yttely<\/p>\n\n\n\n<p>NUO&nbsp;EH<\/p>\n\n\n\n<p><\/p>\n\n\n\n<figure class=\"wp-block-image\"><img decoding=\"async\" src=\"http:\/\/www.vesikoirat.suntuubi.com\/datafiles\/userfiles\/Image\/eri.jpg\" alt=\"\"\/><\/figure>\n\n\n\n<p>&nbsp;Tuomarinkartanon vinttikoirakesku 10.08.2008&nbsp;<\/p>\n\n\n\n<p>Monique van Brempt (Belgia)<\/p>\n\n\n\n<p>Helsingin kes\u00e4n\u00e4yttely<\/p>\n\n\n\n<p>NUO ERI NUK1 PN3<\/p>\n","protected":false},"excerpt":{"rendered":"<p>LUONNETESTI 28.4.2013 Tuomarit: Auli Kiminki ja Pirjo Ojala-Laine Toimintakyky: +1 kohtuullinen Ter\u00e4vyys: +3 kohtuullinen, ilman j\u00e4ljelle j\u00e4\u00e4v\u00e4\u00e4 hy\u00f6kk\u00e4yshalua Puolustushalu: -1 haluton Taistelutahto: +2 kohtuullinen Hermorakenne: +1 hieman rauhaton Temperamentti: +1 eritt\u00e4in vilkas Kovuus: +1 hieman pehme\u00e4 Luoksep\u00e4\u00e4st\u00e4vyys: +2a luoksep\u00e4\u00e4st\u00e4v\u00e4, aavistuksen pid\u00e4ttyv\u00e4inen Laukauspelottomuus: +++ laukaisuvarma Loppupisteet: 125 luonnetesti osa 1 luonnetesti osa 2 luonnetesti osa 3 [&hellip;]<\/p>\n","protected":false},"author":1,"featured_media":0,"parent":130,"menu_order":0,"comment_status":"closed","ping_status":"closed","template":"","meta":{"footnotes":""},"class_list":["post-133","page","type-page","status-publish","hentry"],"_links":{"self":[{"href":"https:\/\/www.kenneldonum.fi\/index.php\/wp-json\/wp\/v2\/pages\/133","targetHints":{"allow":["GET"]}}],"collection":[{"href":"https:\/\/www.kenneldonum.fi\/index.php\/wp-json\/wp\/v2\/pages"}],"about":[{"href":"https:\/\/www.kenneldonum.fi\/index.php\/wp-json\/wp\/v2\/types\/page"}],"author":[{"embeddable":true,"href":"https:\/\/www.kenneldonum.fi\/index.php\/wp-json\/wp\/v2\/users\/1"}],"replies":[{"embeddable":true,"href":"https:\/\/www.kenneldonum.fi\/index.php\/wp-json\/wp\/v2\/comments?post=133"}],"version-history":[{"count":5,"href":"https:\/\/www.kenneldonum.fi\/index.php\/wp-json\/wp\/v2\/pages\/133\/revisions"}],"predecessor-version":[{"id":526,"href":"https:\/\/www.kenneldonum.fi\/index.php\/wp-json\/wp\/v2\/pages\/133\/revisions\/526"}],"up":[{"embeddable":true,"href":"https:\/\/www.kenneldonum.fi\/index.php\/wp-json\/wp\/v2\/pages\/130"}],"wp:attachment":[{"href":"https:\/\/www.kenneldonum.fi\/index.php\/wp-json\/wp\/v2\/media?parent=133"}],"curies":[{"name":"wp","href":"https:\/\/api.w.org\/{rel}","templated":true}]}}