{"id":1302,"date":"2026-02-27T15:20:49","date_gmt":"2026-02-27T13:20:49","guid":{"rendered":"https:\/\/www.kenneldonum.fi\/?page_id=1302"},"modified":"2026-04-02T13:53:17","modified_gmt":"2026-04-02T11:53:17","slug":"pentusuunnitelmia-loppukevat-2026","status":"publish","type":"page","link":"https:\/\/www.kenneldonum.fi\/index.php\/pentusuunnitelmia-loppukevat-2026\/","title":{"rendered":"PENTUSUUNNITELMIA LOPPUKEV\u00c4T 2026"},"content":{"rendered":"\n<p><br><strong>Tiedustelut: perro (at) kenneldonum.fi<\/strong><\/p>\n\n\n\n<p><a href=\"https:\/\/jalostus.kennelliitto.fi\/frmSukutaulu.aspx?RekNoI=FI54065%2F21&amp;RekNoE=FI50055%2F23&amp;Sukupolvet=4\"><strong>Yhdistelm\u00e4 Hilla &amp; Elvis<\/strong><\/a><\/p>\n\n\n\n<p>Molemmat vanhemmat on kattavasti terveystutkittu ja luonnetestattu.<\/p>\n\n\n\n<p>Etsin pennuille rakastavia, yhteisty\u00f6haluisia, harrastavia ja vastuullisia koteja.<\/p>\n\n\n\n<p><strong>Etsin my\u00f6s narttupennulle sijoituskotia.<\/strong><\/p>\n\n\n\n<p><\/p>\n\n\n\n<p><a href=\"https:\/\/jalostus.kennelliitto.fi\/frmKoira.aspx?RekNo=FI50055%2F23\"><strong>DONUM LUX IN NOCTE<\/strong><\/a> &#8211; Hilla<\/p>\n\n\n\n<p>Hilla on 3 aikuisen perheess\u00e4 el\u00e4v\u00e4 iloinen ja tomera 2,5-vuotias perroneiti.<\/p>\n\n\n\n<p>Hilla rakastaa tavata muita koiria ja on heti leikkivalmiudessa. Ulkona uusiin ihmistuttavuuksiin Hilla suhtautuu kohteliaasti, nuuhkaisu, pienet rapsutukset ja sitten takaisin omiin puuhiin. Parhaille nostetaan tassua ja pyydet\u00e4\u00e4n kainalorapsuja.<br>Kotona ilmoitetaan vieraista ja sitten k\u00e4yd\u00e4\u00e4n tervehtim\u00e4ss\u00e4. Kaikki halukkaat saavat rapsutella.<\/p>\n\n\n\n<p>Hilla on kotona ja muualla aina menossa mukana, oli kyse sitten imuroimisesta tai marjojen keruusta. Kuonoa k\u00e4ytet\u00e4\u00e4n sienien etsimiseen, kanttarellit ja suppilovahverot jo tunnistetaan, herkkutatteja harjoitellaan. Noseworkissa nuuhkitaan eukalyptustuoksua ja etsit\u00e4\u00e4n avaimia. N\u00e4iss\u00e4 hommissa Hilla ei tahdo pysy\u00e4 nahoissaan kun on niin kivaa puuhaa.<br>M\u00f6kill\u00e4 harrastetaan my\u00f6s m\u00f6kkiagility\u00e4 muutaman renkaan, aidan ja tunnelin kanssa. Kes\u00e4ll\u00e4 my\u00f6s veneill\u00e4\u00e4n ja Hilla nauttii uusiin paikkoihin tutustumisista ja saariston vaihtuvista maisemista.<\/p>\n\n\n\n<p>Kes\u00e4ll\u00e4 Hilla kahlaa l\u00e4pi ojat, j\u00e4rvet ja merenrannat, ja sen j\u00e4lkeen onkin parasta menn\u00e4 saunaan, siell\u00e4 koira viihtyy aluksi lauteilla ja lopulta lauteiden alta vihjailemalla ett\u00e4 lis\u00e4\u00e4 l\u00f6yly\u00e4\u2026. Talvella taas lumessa m\u00f6yriminen ihan parasta mit\u00e4 Hilla tiet\u00e4\u00e4.<\/p>\n\n\n\n<p><\/p>\n\n\n\n<p>Hillalla ei ole paukku- tai \u00e4\u00e4niherkkyytt\u00e4.<\/p>\n\n\n\n<figure class=\"wp-block-image size-large is-resized\"><img loading=\"lazy\" decoding=\"async\" width=\"1024\" height=\"768\" src=\"https:\/\/www.kenneldonum.fi\/wp-content\/uploads\/2026\/03\/Hilla-Smartdogtesti-1024x768.jpeg\" alt=\"\" class=\"wp-image-1348\" style=\"width:450px\" srcset=\"https:\/\/www.kenneldonum.fi\/wp-content\/uploads\/2026\/03\/Hilla-Smartdogtesti-1024x768.jpeg 1024w, https:\/\/www.kenneldonum.fi\/wp-content\/uploads\/2026\/03\/Hilla-Smartdogtesti-300x225.jpeg 300w, https:\/\/www.kenneldonum.fi\/wp-content\/uploads\/2026\/03\/Hilla-Smartdogtesti-768x576.jpeg 768w, https:\/\/www.kenneldonum.fi\/wp-content\/uploads\/2026\/03\/Hilla-Smartdogtesti-1536x1152.jpeg 1536w, https:\/\/www.kenneldonum.fi\/wp-content\/uploads\/2026\/03\/Hilla-Smartdogtesti.jpeg 1800w\" sizes=\"auto, (max-width: 1024px) 100vw, 1024px\" \/><\/figure>\n\n\n\n<p><a href=\"https:\/\/www.kenneldonum.fi\/index.php\/hilla-smart-dog-testiraportti-pieni-persoonallisuus-arvio\/\"><strong>SmartDOG persoonallisuusarvio 15.3.2025 (koko raportti l\u00f6ytyy linkist\u00e4)<\/strong><\/a><\/p>\n\n\n\n<p>&#8221;Koira hyv\u00e4ksyy kontaktin vastaamalla siihen. Testin alussa koira on aktiivinen, k\u00e4velee p\u00e4\u00e4asiassa, tutustuu koko huoneeseen. <\/p>\n\n\n\n<p>Koiralla on erinomainen impulssikontrolli. <\/p>\n\n\n\n<p>Ymm\u00e4rsi ihmisen eleit\u00e4 hyvin.<\/p>\n\n\n\n<p>Ongelmanratkaisu: ratkaisee teht\u00e4v\u00e4n nopeasti.<\/p>\n\n\n\n<p>Mahdottomassa teht\u00e4v\u00e4ss\u00e4 koiralla on k\u00e4yt\u00f6ss\u00e4 molemmat ratkaisustrategiat hyvin tasaisesti (eli yritt\u00e4\u00e4 aktiivisesti ratkaista itse ja pyyt\u00e4\u00e4 my\u00f6s apua ihmisilt\u00e4).<\/p>\n\n\n\n<p>T\u00e4n\u00e4\u00e4n ei oikein saatu leikki\u00e4 aikaiseksi, mutta koira vastasi leikkiinkutsuun hyvin ja itse pyysi my\u00f6s testaajaa leikkiin. Mutta t\u00e4m\u00e4 leikki jota t\u00e4\u00e4ll\u00e4 nyt tehtiin, ei h\u00e4nt\u00e4 kovin suuresti kiinnostanut. Eniten nautti lelun jahtaamisesta ja v\u00e4h\u00e4n kissamaisesti k\u00e4ytti etutassuja. <\/p>\n\n\n\n<p>Outoon objektiin tutustuminen eli arkuus-rohkeus, mik\u00e4 on tosi t\u00e4rke\u00e4. Koira meni eritt\u00e4in nopeasti ja itsen\u00e4isesti ilman ohjaajaa tutustumaan objektiin. Eritt\u00e4in nopeasti ja rohkeasti.<\/p>\n\n\n\n<p>Ja liukkaat alustat, aivan upeeta siin\u00e4kin. Koira k\u00e4velee liukkaalla alustalla t\u00e4ysin ongelmitta, eik\u00e4 huomaa alustan vaihtumista. Ei n\u00e4y mink\u00e4\u00e4laista alustapelkoa t\u00e4ss\u00e4 testiss\u00e4.&#8221;<\/p>\n\n\n\n<p><\/p>\n\n\n\n<figure class=\"wp-block-image size-large\"><img loading=\"lazy\" decoding=\"async\" width=\"768\" height=\"1024\" src=\"https:\/\/www.kenneldonum.fi\/wp-content\/uploads\/2026\/03\/Messenger_creation_F4250B26-9AED-4309-A300-7FE892837F24-1-768x1024.jpeg\" alt=\"\" class=\"wp-image-1337\" srcset=\"https:\/\/www.kenneldonum.fi\/wp-content\/uploads\/2026\/03\/Messenger_creation_F4250B26-9AED-4309-A300-7FE892837F24-1-768x1024.jpeg 768w, https:\/\/www.kenneldonum.fi\/wp-content\/uploads\/2026\/03\/Messenger_creation_F4250B26-9AED-4309-A300-7FE892837F24-1-225x300.jpeg 225w, https:\/\/www.kenneldonum.fi\/wp-content\/uploads\/2026\/03\/Messenger_creation_F4250B26-9AED-4309-A300-7FE892837F24-1-1152x1536.jpeg 1152w, https:\/\/www.kenneldonum.fi\/wp-content\/uploads\/2026\/03\/Messenger_creation_F4250B26-9AED-4309-A300-7FE892837F24-1.jpeg 1536w\" sizes=\"auto, (max-width: 768px) 100vw, 768px\" \/><\/figure>\n\n\n\n<figure class=\"wp-block-image size-large is-resized\"><img loading=\"lazy\" decoding=\"async\" width=\"1024\" height=\"742\" src=\"https:\/\/www.kenneldonum.fi\/wp-content\/uploads\/2026\/02\/2eff23bb-adcf-463c-8567-a1d36f49ae90-1024x742.jpeg\" alt=\"\" class=\"wp-image-1303\" style=\"width:425px\" srcset=\"https:\/\/www.kenneldonum.fi\/wp-content\/uploads\/2026\/02\/2eff23bb-adcf-463c-8567-a1d36f49ae90-1024x742.jpeg 1024w, https:\/\/www.kenneldonum.fi\/wp-content\/uploads\/2026\/02\/2eff23bb-adcf-463c-8567-a1d36f49ae90-300x217.jpeg 300w, https:\/\/www.kenneldonum.fi\/wp-content\/uploads\/2026\/02\/2eff23bb-adcf-463c-8567-a1d36f49ae90-768x556.jpeg 768w, https:\/\/www.kenneldonum.fi\/wp-content\/uploads\/2026\/02\/2eff23bb-adcf-463c-8567-a1d36f49ae90-1536x1112.jpeg 1536w, https:\/\/www.kenneldonum.fi\/wp-content\/uploads\/2026\/02\/2eff23bb-adcf-463c-8567-a1d36f49ae90.jpeg 1606w\" sizes=\"auto, (max-width: 1024px) 100vw, 1024px\" \/><\/figure>\n\n\n\n<figure class=\"wp-block-image size-large is-resized\"><img loading=\"lazy\" decoding=\"async\" width=\"768\" height=\"1024\" src=\"https:\/\/www.kenneldonum.fi\/wp-content\/uploads\/2026\/02\/WhatsApp-Image-2026-02-27-at-13.49.49-3-768x1024.jpeg\" alt=\"\" class=\"wp-image-1304\" style=\"width:auto;height:425px\" srcset=\"https:\/\/www.kenneldonum.fi\/wp-content\/uploads\/2026\/02\/WhatsApp-Image-2026-02-27-at-13.49.49-3-768x1024.jpeg 768w, https:\/\/www.kenneldonum.fi\/wp-content\/uploads\/2026\/02\/WhatsApp-Image-2026-02-27-at-13.49.49-3-225x300.jpeg 225w, https:\/\/www.kenneldonum.fi\/wp-content\/uploads\/2026\/02\/WhatsApp-Image-2026-02-27-at-13.49.49-3-1152x1536.jpeg 1152w, https:\/\/www.kenneldonum.fi\/wp-content\/uploads\/2026\/02\/WhatsApp-Image-2026-02-27-at-13.49.49-3.jpeg 1536w\" sizes=\"auto, (max-width: 768px) 100vw, 768px\" \/><\/figure>\n\n\n\n<figure class=\"wp-block-image size-large is-resized\"><img loading=\"lazy\" decoding=\"async\" width=\"1024\" height=\"768\" src=\"https:\/\/www.kenneldonum.fi\/wp-content\/uploads\/2026\/02\/WhatsApp-Image-2026-02-27-at-13.49.50-1-1024x768.jpeg\" alt=\"\" class=\"wp-image-1305\" style=\"width:425px\" srcset=\"https:\/\/www.kenneldonum.fi\/wp-content\/uploads\/2026\/02\/WhatsApp-Image-2026-02-27-at-13.49.50-1-1024x768.jpeg 1024w, https:\/\/www.kenneldonum.fi\/wp-content\/uploads\/2026\/02\/WhatsApp-Image-2026-02-27-at-13.49.50-1-300x225.jpeg 300w, https:\/\/www.kenneldonum.fi\/wp-content\/uploads\/2026\/02\/WhatsApp-Image-2026-02-27-at-13.49.50-1-768x576.jpeg 768w, https:\/\/www.kenneldonum.fi\/wp-content\/uploads\/2026\/02\/WhatsApp-Image-2026-02-27-at-13.49.50-1-1536x1152.jpeg 1536w, https:\/\/www.kenneldonum.fi\/wp-content\/uploads\/2026\/02\/WhatsApp-Image-2026-02-27-at-13.49.50-1.jpeg 2048w\" sizes=\"auto, (max-width: 1024px) 100vw, 1024px\" \/><\/figure>\n\n\n\n<figure class=\"wp-block-image size-large is-resized\"><img loading=\"lazy\" decoding=\"async\" width=\"768\" height=\"1024\" src=\"https:\/\/www.kenneldonum.fi\/wp-content\/uploads\/2026\/02\/WhatsApp-Image-2026-02-27-at-13.49.49-768x1024.jpeg\" alt=\"\" class=\"wp-image-1306\" style=\"width:auto;height:425px\" srcset=\"https:\/\/www.kenneldonum.fi\/wp-content\/uploads\/2026\/02\/WhatsApp-Image-2026-02-27-at-13.49.49-768x1024.jpeg 768w, https:\/\/www.kenneldonum.fi\/wp-content\/uploads\/2026\/02\/WhatsApp-Image-2026-02-27-at-13.49.49-225x300.jpeg 225w, https:\/\/www.kenneldonum.fi\/wp-content\/uploads\/2026\/02\/WhatsApp-Image-2026-02-27-at-13.49.49-1152x1536.jpeg 1152w, https:\/\/www.kenneldonum.fi\/wp-content\/uploads\/2026\/02\/WhatsApp-Image-2026-02-27-at-13.49.49.jpeg 1536w\" sizes=\"auto, (max-width: 768px) 100vw, 768px\" \/><figcaption class=\"wp-element-caption\">Hilla harrastaa noseworkia<\/figcaption><\/figure>\n\n\n\n<p>Lonkat: B\/B<\/p>\n\n\n\n<p>Kyyn\u00e4r\u00e4t: 0\/0<\/p>\n\n\n\n<p>silm\u00e4t: terveet 17.9.2025<\/p>\n\n\n\n<p>prcd-PRA: A \u2013 terve, ei kantaja (laskennallisesti)<\/p>\n\n\n\n<p>Diluutio: D\/D&nbsp;\u2013 terve, ei kantaja (laskennallisesti)<\/p>\n\n\n\n<p>Kilpirauhasarvot: &nbsp; &nbsp;<\/p>\n\n\n\n<p>TGAA:&nbsp;ok 17.9.2025 &nbsp; &nbsp; &nbsp;<\/p>\n\n\n\n<p>T4\/TSH: ok 17.9.2025<\/p>\n\n\n\n<p>S\u00e4k\u00e4 n. 42,5 cm<\/p>\n\n\n\n<p>Perusterve<\/p>\n\n\n\n<figure class=\"wp-block-image size-large is-resized\"><img loading=\"lazy\" decoding=\"async\" width=\"834\" height=\"1024\" src=\"https:\/\/www.kenneldonum.fi\/wp-content\/uploads\/2026\/02\/WhatsApp-Image-2026-02-27-at-13.49.49-2-834x1024.jpeg\" alt=\"\" class=\"wp-image-1307\" style=\"width:auto;height:425px\" srcset=\"https:\/\/www.kenneldonum.fi\/wp-content\/uploads\/2026\/02\/WhatsApp-Image-2026-02-27-at-13.49.49-2-834x1024.jpeg 834w, https:\/\/www.kenneldonum.fi\/wp-content\/uploads\/2026\/02\/WhatsApp-Image-2026-02-27-at-13.49.49-2-244x300.jpeg 244w, https:\/\/www.kenneldonum.fi\/wp-content\/uploads\/2026\/02\/WhatsApp-Image-2026-02-27-at-13.49.49-2-768x943.jpeg 768w, https:\/\/www.kenneldonum.fi\/wp-content\/uploads\/2026\/02\/WhatsApp-Image-2026-02-27-at-13.49.49-2.jpeg 937w\" sizes=\"auto, (max-width: 834px) 100vw, 834px\" \/><figcaption class=\"wp-element-caption\">Hilla ja emonsa <a href=\"https:\/\/www.kenneldonum.fi\/index.php\/omat-koirat\/148-2\/\">Kuutti<\/a>, kuin kaksi marjaa \u2764\ufe0f<\/figcaption><\/figure>\n\n\n\n<p><strong><a href=\"https:\/\/jalostus.kennelliitto.fi\/frmKoira.aspx?RekNo=FI54065%2F21\">PERRO CABO ESCALO<\/a><\/strong> &#8211; Elvis<\/p>\n\n\n\n<p>Elvis on iloinen h\u00e4nn\u00e4nheiluttaja, rohkea, ja sosiaalinen nuori mies joka saa kaikki hyv\u00e4lle mielelle. Elvis rakastaa ihmisi\u00e4 lapsista ik\u00e4ihmisiin, kuten my\u00f6s koiriakin, tosin ihan kaikkien kulmakunnan urosten kanssa ei tule juttuun. Elvis asustaa is\u00e4ns\u00e4 Cosmon kanssa Naantalissa. Elvis on aina valmiina kaikkeen toimintaan, mutta osaa olla my\u00f6s kainalokaveri. Elvis on todella helppo matkakaveri, oli sitten kysymys junasta, laivasta, hotellista tai vaikka pidemm\u00e4st\u00e4 autoreissusta Euroopassa.<\/p>\n\n\n\n<p>Harrastuksista mainittakoon : Elvis oli 10kk, kun suoritti <strong>Spanielien taipumuskokeen SPA1<\/strong> ja sen innostamana ollaan treenailtu ja osallistuttu my\u00f6s spanielien vesity\u00f6kokeeseen. Mej\u00e4-kokeessakin ollaan k\u00e4yty ja n\u00e4iss\u00e4 on my\u00f6s h\u00e4nen laukausvarmuus tullut varmistettua useaan kertaan. Nosework ja BH-koetta varten on tullut my\u00f6s treenailtua. Rallytokokisat on my\u00f6s startattu. N\u00e4yttelyiss\u00e4kin on tullut Elviksen kanssa k\u00e4yty\u00e4 ja h\u00e4n on yht\u00e4 serti\u00e4 vaille Viron muotovalio ja yhden sertin saanut my\u00f6s Suomessa.<\/p>\n\n\n\n<figure class=\"wp-block-image size-large is-resized\"><img loading=\"lazy\" decoding=\"async\" width=\"1024\" height=\"1024\" src=\"https:\/\/www.kenneldonum.fi\/wp-content\/uploads\/2026\/02\/WhatsApp-Image-2026-02-27-at-13.49.50-2-1024x1024.jpeg\" alt=\"\" class=\"wp-image-1312\" style=\"width:425px\" srcset=\"https:\/\/www.kenneldonum.fi\/wp-content\/uploads\/2026\/02\/WhatsApp-Image-2026-02-27-at-13.49.50-2-1024x1024.jpeg 1024w, https:\/\/www.kenneldonum.fi\/wp-content\/uploads\/2026\/02\/WhatsApp-Image-2026-02-27-at-13.49.50-2-300x300.jpeg 300w, https:\/\/www.kenneldonum.fi\/wp-content\/uploads\/2026\/02\/WhatsApp-Image-2026-02-27-at-13.49.50-2-150x150.jpeg 150w, https:\/\/www.kenneldonum.fi\/wp-content\/uploads\/2026\/02\/WhatsApp-Image-2026-02-27-at-13.49.50-2-768x768.jpeg 768w, https:\/\/www.kenneldonum.fi\/wp-content\/uploads\/2026\/02\/WhatsApp-Image-2026-02-27-at-13.49.50-2.jpeg 1440w\" sizes=\"auto, (max-width: 1024px) 100vw, 1024px\" \/><\/figure>\n\n\n\n<figure class=\"wp-block-image size-large is-resized\"><img loading=\"lazy\" decoding=\"async\" width=\"769\" height=\"1024\" src=\"https:\/\/www.kenneldonum.fi\/wp-content\/uploads\/2026\/02\/WhatsApp-Image-2026-02-27-at-13.49.50-769x1024.jpeg\" alt=\"\" class=\"wp-image-1317\" style=\"width:425px\" srcset=\"https:\/\/www.kenneldonum.fi\/wp-content\/uploads\/2026\/02\/WhatsApp-Image-2026-02-27-at-13.49.50-769x1024.jpeg 769w, https:\/\/www.kenneldonum.fi\/wp-content\/uploads\/2026\/02\/WhatsApp-Image-2026-02-27-at-13.49.50-225x300.jpeg 225w, https:\/\/www.kenneldonum.fi\/wp-content\/uploads\/2026\/02\/WhatsApp-Image-2026-02-27-at-13.49.50-768x1023.jpeg 768w, https:\/\/www.kenneldonum.fi\/wp-content\/uploads\/2026\/02\/WhatsApp-Image-2026-02-27-at-13.49.50-1153x1536.jpeg 1153w, https:\/\/www.kenneldonum.fi\/wp-content\/uploads\/2026\/02\/WhatsApp-Image-2026-02-27-at-13.49.50.jpeg 1201w\" sizes=\"auto, (max-width: 769px) 100vw, 769px\" \/><\/figure>\n\n\n\n<figure class=\"wp-block-image size-full is-resized\"><img loading=\"lazy\" decoding=\"async\" width=\"623\" height=\"560\" src=\"https:\/\/www.kenneldonum.fi\/wp-content\/uploads\/2026\/02\/WhatsApp-Image-2026-02-27-at-13.49.50-3.jpeg\" alt=\"\" class=\"wp-image-1314\" style=\"width:425px\" srcset=\"https:\/\/www.kenneldonum.fi\/wp-content\/uploads\/2026\/02\/WhatsApp-Image-2026-02-27-at-13.49.50-3.jpeg 623w, https:\/\/www.kenneldonum.fi\/wp-content\/uploads\/2026\/02\/WhatsApp-Image-2026-02-27-at-13.49.50-3-300x270.jpeg 300w\" sizes=\"auto, (max-width: 623px) 100vw, 623px\" \/><\/figure>\n\n\n\n<figure class=\"wp-block-image size-large is-resized\"><img loading=\"lazy\" decoding=\"async\" width=\"768\" height=\"1024\" src=\"https:\/\/www.kenneldonum.fi\/wp-content\/uploads\/2026\/02\/spa-koe-Elvis-1-768x1024.jpeg\" alt=\"\" class=\"wp-image-1315\" style=\"width:425px\" srcset=\"https:\/\/www.kenneldonum.fi\/wp-content\/uploads\/2026\/02\/spa-koe-Elvis-1-768x1024.jpeg 768w, https:\/\/www.kenneldonum.fi\/wp-content\/uploads\/2026\/02\/spa-koe-Elvis-1-225x300.jpeg 225w, https:\/\/www.kenneldonum.fi\/wp-content\/uploads\/2026\/02\/spa-koe-Elvis-1-1152x1536.jpeg 1152w, https:\/\/www.kenneldonum.fi\/wp-content\/uploads\/2026\/02\/spa-koe-Elvis-1.jpeg 1200w\" sizes=\"auto, (max-width: 768px) 100vw, 768px\" \/><\/figure>\n\n\n\n<figure class=\"wp-block-image size-large is-resized\"><img loading=\"lazy\" decoding=\"async\" width=\"768\" height=\"1024\" src=\"https:\/\/www.kenneldonum.fi\/wp-content\/uploads\/2026\/02\/WhatsApp-Image-2026-02-27-at-13.49.50-4-768x1024.jpeg\" alt=\"\" class=\"wp-image-1316\" style=\"width:433px\" srcset=\"https:\/\/www.kenneldonum.fi\/wp-content\/uploads\/2026\/02\/WhatsApp-Image-2026-02-27-at-13.49.50-4-768x1024.jpeg 768w, https:\/\/www.kenneldonum.fi\/wp-content\/uploads\/2026\/02\/WhatsApp-Image-2026-02-27-at-13.49.50-4-225x300.jpeg 225w, https:\/\/www.kenneldonum.fi\/wp-content\/uploads\/2026\/02\/WhatsApp-Image-2026-02-27-at-13.49.50-4-1152x1536.jpeg 1152w, https:\/\/www.kenneldonum.fi\/wp-content\/uploads\/2026\/02\/WhatsApp-Image-2026-02-27-at-13.49.50-4.jpeg 1500w\" sizes=\"auto, (max-width: 768px) 100vw, 768px\" \/><\/figure>\n\n\n\n<p>ERI &#8211; VSP, JUN VSP, SERT<\/p>\n\n\n\n<p>Lonkat: C\/C (lonkkaindeksi hyv\u00e4 97%)<\/p>\n\n\n\n<p>Kyyn\u00e4r\u00e4t: 0\/0<\/p>\n\n\n\n<p>Silm\u00e4t: terveet 15.12.2025<\/p>\n\n\n\n<p>Selk\u00e4: <br>VA0 (Normaali), lukum\u00e4\u00e4r\u00e4: 0<br>SP0 (Puhdas)<br>LTV0 (Normaali)<\/p>\n\n\n\n<p>Kivekset normaalit 12.6.2022<\/p>\n\n\n\n<p>Kilpirauhasarvot:<br>TGAA \u2013 ok 15.12.2025<br>T4\/TSH \u2013 ok 15.12.2025<\/p>\n\n\n\n<p>Diluutio D\/D \u2013 terve, ei kantaja<\/p>\n\n\n\n<p>CHG: N\/N &#8211; terve, ei kantaja<\/p>\n\n\n\n<p>NAD &#8211; terve, ei kantaja<\/p>\n\n\n\n<p>S\u00e4k\u00e4 n.48 cm<\/p>\n\n\n\n<p>Perusterve<\/p>\n\n\n\n<p><\/p>\n","protected":false},"excerpt":{"rendered":"<p>Tiedustelut: perro (at) kenneldonum.fi Yhdistelm\u00e4 Hilla &amp; Elvis Molemmat vanhemmat on kattavasti terveystutkittu ja luonnetestattu. Etsin pennuille rakastavia, yhteisty\u00f6haluisia, harrastavia ja vastuullisia koteja. Etsin my\u00f6s narttupennulle sijoituskotia. DONUM LUX IN NOCTE &#8211; Hilla Hilla on 3 aikuisen perheess\u00e4 el\u00e4v\u00e4 iloinen ja tomera 2,5-vuotias perroneiti. Hilla rakastaa tavata muita koiria ja on heti leikkivalmiudessa. Ulkona uusiin [&hellip;]<\/p>\n","protected":false},"author":1,"featured_media":0,"parent":0,"menu_order":0,"comment_status":"closed","ping_status":"closed","template":"","meta":{"footnotes":""},"class_list":["post-1302","page","type-page","status-publish","hentry"],"_links":{"self":[{"href":"https:\/\/www.kenneldonum.fi\/index.php\/wp-json\/wp\/v2\/pages\/1302","targetHints":{"allow":["GET"]}}],"collection":[{"href":"https:\/\/www.kenneldonum.fi\/index.php\/wp-json\/wp\/v2\/pages"}],"about":[{"href":"https:\/\/www.kenneldonum.fi\/index.php\/wp-json\/wp\/v2\/types\/page"}],"author":[{"embeddable":true,"href":"https:\/\/www.kenneldonum.fi\/index.php\/wp-json\/wp\/v2\/users\/1"}],"replies":[{"embeddable":true,"href":"https:\/\/www.kenneldonum.fi\/index.php\/wp-json\/wp\/v2\/comments?post=1302"}],"version-history":[{"count":12,"href":"https:\/\/www.kenneldonum.fi\/index.php\/wp-json\/wp\/v2\/pages\/1302\/revisions"}],"predecessor-version":[{"id":1367,"href":"https:\/\/www.kenneldonum.fi\/index.php\/wp-json\/wp\/v2\/pages\/1302\/revisions\/1367"}],"wp:attachment":[{"href":"https:\/\/www.kenneldonum.fi\/index.php\/wp-json\/wp\/v2\/media?parent=1302"}],"curies":[{"name":"wp","href":"https:\/\/api.w.org\/{rel}","templated":true}]}}